{"id":394,"date":"2025-04-24T12:29:20","date_gmt":"2025-04-24T12:29:20","guid":{"rendered":"https:\/\/sonne-jettingen.de\/gasthof\/"},"modified":"2025-04-24T12:29:20","modified_gmt":"2025-04-24T12:29:20","slug":"gasthof","status":"publish","type":"page","link":"https:\/\/sonne-jettingen.de\/en\/gasthof\/","title":{"rendered":"Gasthof"},"content":{"rendered":"<p>[et_pb_section fb_built=&#8221;1&#8243; theme_builder_area=&#8221;post_content&#8221; _builder_version=&#8221;4.27.4&#8243; _module_preset=&#8221;default&#8221; custom_padding=&#8221;0px||0px||false|false&#8221; custom_margin=&#8221;0px||0px||false|false&#8221; hover_enabled=&#8221;0&#8243; sticky_enabled=&#8221;0&#8243; background_color=&#8221;RGBA(255,255,255,0)&#8221;][et_pb_row _builder_version=&#8221;4.27.4&#8243; _module_preset=&#8221;default&#8221; theme_builder_area=&#8221;post_content&#8221; background_image=&#8221;https:\/\/sonne-jettingen.de\/wp-content\/uploads\/page_background.jpg&#8221; custom_padding=&#8221;5%|5%|4%|5%|false|true&#8221; hover_enabled=&#8221;0&#8243; sticky_enabled=&#8221;0&#8243;][et_pb_column _builder_version=&#8221;4.27.4&#8243; _module_preset=&#8221;default&#8221; type=&#8221;4_4&#8243; theme_builder_area=&#8221;post_content&#8221;][et_pb_text _builder_version=&#8221;4.27.4&#8243; _module_preset=&#8221;default&#8221; theme_builder_area=&#8221;post_content&#8221; hover_enabled=&#8221;0&#8243; sticky_enabled=&#8221;0&#8243;]<\/p>\n<h1>Herzlich willkommen<br \/>\n im Gasthof zur Sonne <\/h1>\n<h2 style=\"padding-top:15px;\">\u2013 Tradition &#038; Gastlichkeit seit vier Generationen<\/h2>\n<p>Unser historischer Gasthof ist der ideale Ausgangspunkt f\u00fcr Ihre privaten oder gesch\u00e4ftlichen Aufenthalte. Ob erholsamer Urlaub, eine komfortable Unterkunft w\u00e4hrend Ihrer Gesch\u00e4ftsreise oder eine festliche Feier in gem\u00fctlicher Atmosph\u00e4re \u2013 bei uns sind Sie bestens aufgehoben.<\/p>\n<p>Mit mehr als 150 Jahren Familientradition steht der Name Feuchtmayr f\u00fcr herzliche Gastfreundschaft, gepflegte Gem\u00fctlichkeit und exzellente K\u00fcche. In vierter Generation verw\u00f6hnen wir unsere G\u00e4ste mit einer abwechslungsreichen Speisekarte, die f\u00fcr jeden Geschmack das Richtige bietet.<\/p>\n<p>Genie\u00dfen Sie das einladende Ambiente, unsere erstklassige K\u00fcche und die besondere Atmosph\u00e4re unseres Hauses. Wir freuen uns darauf, Sie bei uns willkommen zu hei\u00dfen![\/et_pb_text][\/et_pb_column][\/et_pb_row][\/et_pb_section]<\/p>\n","protected":false},"excerpt":{"rendered":"<p>Herzlich willkommen im Gasthof zur Sonne \u2013 Tradition &#038; Gastlichkeit seit vier Generationen Unser historischer Gasthof ist der ideale Ausgangspunkt f\u00fcr Ihre privaten oder gesch\u00e4ftlichen Aufenthalte. Ob erholsamer Urlaub, eine komfortable Unterkunft w\u00e4hrend Ihrer Gesch\u00e4ftsreise oder eine festliche Feier in gem\u00fctlicher Atmosph\u00e4re \u2013 bei uns sind Sie bestens aufgehoben. Mit mehr als 150 Jahren Familientradition [&hellip;]<\/p>\n","protected":false},"author":2,"featured_media":0,"parent":0,"menu_order":0,"comment_status":"closed","ping_status":"closed","template":"","meta":{"_et_pb_use_builder":"on","_et_pb_old_content":"","_et_gb_content_width":"","footnotes":""},"class_list":["post-394","page","type-page","status-publish","hentry"],"yoast_head":"<!-- This site is optimized with the Yoast SEO plugin v27.1.1 - https:\/\/yoast.com\/product\/yoast-seo-wordpress\/ -->\n<title>Gasthof - Gasthof zur Sonne<\/title>\n<meta name=\"robots\" content=\"index, follow, max-snippet:-1, max-image-preview:large, max-video-preview:-1\" \/>\n<link rel=\"canonical\" href=\"https:\/\/sonne-jettingen.de\/en\/gasthof\/\" \/>\n<meta property=\"og:locale\" content=\"en_US\" \/>\n<meta property=\"og:type\" content=\"article\" \/>\n<meta property=\"og:title\" content=\"Gasthof - Gasthof zur Sonne\" \/>\n<meta property=\"og:description\" content=\"Herzlich willkommen im Gasthof zur Sonne \u2013 Tradition &amp; Gastlichkeit seit vier Generationen Unser historischer Gasthof ist der ideale Ausgangspunkt f\u00fcr Ihre privaten oder gesch\u00e4ftlichen Aufenthalte. Ob erholsamer Urlaub, eine komfortable Unterkunft w\u00e4hrend Ihrer Gesch\u00e4ftsreise oder eine festliche Feier in gem\u00fctlicher Atmosph\u00e4re \u2013 bei uns sind Sie bestens aufgehoben. Mit mehr als 150 Jahren Familientradition [&hellip;]\" \/>\n<meta property=\"og:url\" content=\"https:\/\/sonne-jettingen.de\/en\/gasthof\/\" \/>\n<meta property=\"og:site_name\" content=\"Gasthof zur Sonne\" \/>\n<meta name=\"twitter:card\" content=\"summary_large_image\" \/>\n<meta name=\"twitter:label1\" content=\"Est. reading time\" \/>\n\t<meta name=\"twitter:data1\" content=\"1 minute\" \/>\n<script type=\"application\/ld+json\" class=\"yoast-schema-graph\">{\"@context\":\"https:\/\/schema.org\",\"@graph\":[{\"@type\":\"WebPage\",\"@id\":\"https:\/\/sonne-jettingen.de\/en\/gasthof\/\",\"url\":\"https:\/\/sonne-jettingen.de\/en\/gasthof\/\",\"name\":\"Gasthof - Gasthof zur Sonne\",\"isPartOf\":{\"@id\":\"https:\/\/sonne-jettingen.de\/en\/#website\"},\"datePublished\":\"2025-04-24T12:29:20+00:00\",\"breadcrumb\":{\"@id\":\"https:\/\/sonne-jettingen.de\/en\/gasthof\/#breadcrumb\"},\"inLanguage\":\"en-US\",\"potentialAction\":[{\"@type\":\"ReadAction\",\"target\":[\"https:\/\/sonne-jettingen.de\/en\/gasthof\/\"]}]},{\"@type\":\"BreadcrumbList\",\"@id\":\"https:\/\/sonne-jettingen.de\/en\/gasthof\/#breadcrumb\",\"itemListElement\":[{\"@type\":\"ListItem\",\"position\":1,\"name\":\"Startseite\",\"item\":\"https:\/\/sonne-jettingen.de\/en\/\"},{\"@type\":\"ListItem\",\"position\":2,\"name\":\"Gasthof\"}]},{\"@type\":\"WebSite\",\"@id\":\"https:\/\/sonne-jettingen.de\/en\/#website\",\"url\":\"https:\/\/sonne-jettingen.de\/en\/\",\"name\":\"Gasthof zur Sonne\",\"description\":\"Hotel\",\"potentialAction\":[{\"@type\":\"SearchAction\",\"target\":{\"@type\":\"EntryPoint\",\"urlTemplate\":\"https:\/\/sonne-jettingen.de\/en\/?s={search_term_string}\"},\"query-input\":{\"@type\":\"PropertyValueSpecification\",\"valueRequired\":true,\"valueName\":\"search_term_string\"}}],\"inLanguage\":\"en-US\"}]}<\/script>\n<!-- \/ Yoast SEO plugin. -->","yoast_head_json":{"title":"Gasthof - Gasthof zur Sonne","robots":{"index":"index","follow":"follow","max-snippet":"max-snippet:-1","max-image-preview":"max-image-preview:large","max-video-preview":"max-video-preview:-1"},"canonical":"https:\/\/sonne-jettingen.de\/en\/gasthof\/","og_locale":"en_US","og_type":"article","og_title":"Gasthof - Gasthof zur Sonne","og_description":"Herzlich willkommen im Gasthof zur Sonne \u2013 Tradition & Gastlichkeit seit vier Generationen Unser historischer Gasthof ist der ideale Ausgangspunkt f\u00fcr Ihre privaten oder gesch\u00e4ftlichen Aufenthalte. Ob erholsamer Urlaub, eine komfortable Unterkunft w\u00e4hrend Ihrer Gesch\u00e4ftsreise oder eine festliche Feier in gem\u00fctlicher Atmosph\u00e4re \u2013 bei uns sind Sie bestens aufgehoben. Mit mehr als 150 Jahren Familientradition [&hellip;]","og_url":"https:\/\/sonne-jettingen.de\/en\/gasthof\/","og_site_name":"Gasthof zur Sonne","twitter_card":"summary_large_image","twitter_misc":{"Est. reading time":"1 minute"},"schema":{"@context":"https:\/\/schema.org","@graph":[{"@type":"WebPage","@id":"https:\/\/sonne-jettingen.de\/en\/gasthof\/","url":"https:\/\/sonne-jettingen.de\/en\/gasthof\/","name":"Gasthof - Gasthof zur Sonne","isPartOf":{"@id":"https:\/\/sonne-jettingen.de\/en\/#website"},"datePublished":"2025-04-24T12:29:20+00:00","breadcrumb":{"@id":"https:\/\/sonne-jettingen.de\/en\/gasthof\/#breadcrumb"},"inLanguage":"en-US","potentialAction":[{"@type":"ReadAction","target":["https:\/\/sonne-jettingen.de\/en\/gasthof\/"]}]},{"@type":"BreadcrumbList","@id":"https:\/\/sonne-jettingen.de\/en\/gasthof\/#breadcrumb","itemListElement":[{"@type":"ListItem","position":1,"name":"Startseite","item":"https:\/\/sonne-jettingen.de\/en\/"},{"@type":"ListItem","position":2,"name":"Gasthof"}]},{"@type":"WebSite","@id":"https:\/\/sonne-jettingen.de\/en\/#website","url":"https:\/\/sonne-jettingen.de\/en\/","name":"Gasthof zur Sonne","description":"Hotel","potentialAction":[{"@type":"SearchAction","target":{"@type":"EntryPoint","urlTemplate":"https:\/\/sonne-jettingen.de\/en\/?s={search_term_string}"},"query-input":{"@type":"PropertyValueSpecification","valueRequired":true,"valueName":"search_term_string"}}],"inLanguage":"en-US"}]}},"_links":{"self":[{"href":"https:\/\/sonne-jettingen.de\/en\/wp-json\/wp\/v2\/pages\/394","targetHints":{"allow":["GET"]}}],"collection":[{"href":"https:\/\/sonne-jettingen.de\/en\/wp-json\/wp\/v2\/pages"}],"about":[{"href":"https:\/\/sonne-jettingen.de\/en\/wp-json\/wp\/v2\/types\/page"}],"author":[{"embeddable":true,"href":"https:\/\/sonne-jettingen.de\/en\/wp-json\/wp\/v2\/users\/2"}],"replies":[{"embeddable":true,"href":"https:\/\/sonne-jettingen.de\/en\/wp-json\/wp\/v2\/comments?post=394"}],"version-history":[{"count":0,"href":"https:\/\/sonne-jettingen.de\/en\/wp-json\/wp\/v2\/pages\/394\/revisions"}],"wp:attachment":[{"href":"https:\/\/sonne-jettingen.de\/en\/wp-json\/wp\/v2\/media?parent=394"}],"curies":[{"name":"wp","href":"https:\/\/api.w.org\/{rel}","templated":true}]}}